{"id":1073,"date":"2021-09-06T16:20:27","date_gmt":"2021-09-06T14:20:27","guid":{"rendered":"https:\/\/www.mariacandidagentile.com\/?page_id=1073"},"modified":"2025-11-03T10:01:08","modified_gmt":"2025-11-03T09:01:08","slug":"la-visione","status":"publish","type":"page","link":"https:\/\/www.mariacandidagentile.com\/it\/ritratto\/la-visione\/","title":{"rendered":"La visione"},"content":{"rendered":"\t\t<div data-elementor-type=\"wp-page\" data-elementor-id=\"1073\" class=\"elementor elementor-1073\" data-elementor-post-type=\"page\">\n\t\t\t\t\t\t<section class=\"elementor-section elementor-top-section elementor-element elementor-element-021c8bf elementor-section-full_width elementor-reverse-mobile father-container-frangrances-children elementor-section-height-default elementor-section-height-default\" data-id=\"021c8bf\" data-element_type=\"section\" data-e-type=\"section\">\n\t\t\t\t\t\t<div class=\"elementor-container elementor-column-gap-default\">\n\t\t\t\t\t<div class=\"elementor-column elementor-col-50 elementor-top-column elementor-element elementor-element-0f29a76\" data-id=\"0f29a76\" data-element_type=\"column\" data-e-type=\"column\">\n\t\t\t<div class=\"elementor-widget-wrap elementor-element-populated\">\n\t\t\t\t\t\t<section class=\"elementor-section elementor-inner-section elementor-element elementor-element-0eb317c container-frangrances-children elementor-section-boxed elementor-section-height-default elementor-section-height-default\" data-id=\"0eb317c\" data-element_type=\"section\" data-e-type=\"section\">\n\t\t\t\t\t\t<div class=\"elementor-container elementor-column-gap-default\">\n\t\t\t\t\t<div class=\"elementor-column elementor-col-50 elementor-inner-column elementor-element elementor-element-c88fa3a\" data-id=\"c88fa3a\" data-element_type=\"column\" data-e-type=\"column\">\n\t\t\t<div class=\"elementor-widget-wrap elementor-element-populated\">\n\t\t\t\t\t\t<div class=\"elementor-element elementor-element-85d7a5b title-oswald-home elementor-widget elementor-widget-heading\" data-id=\"85d7a5b\" data-element_type=\"widget\" data-e-type=\"widget\" data-widget_type=\"heading.default\">\n\t\t\t\t<div class=\"elementor-widget-container\">\n\t\t\t\t\t<h2 class=\"elementor-heading-title elementor-size-default\">La visione<\/h2>\t\t\t\t<\/div>\n\t\t\t\t<\/div>\n\t\t\t\t<div class=\"elementor-element elementor-element-4881f7e txt-cochin-home elementor-widget elementor-widget-text-editor\" data-id=\"4881f7e\" data-element_type=\"widget\" data-e-type=\"widget\" data-widget_type=\"text-editor.default\">\n\t\t\t\t<div class=\"elementor-widget-container\">\n\t\t\t\t\t\t\t\t\t<p>arte olfattiva che sia a disposizione di tutti, che possa essere compresa e fruita collettivamente\u00a0<\/p>\t\t\t\t\t\t\t\t<\/div>\n\t\t\t\t<\/div>\n\t\t\t\t\t<\/div>\n\t\t<\/div>\n\t\t\t\t<div class=\"elementor-column elementor-col-50 elementor-inner-column elementor-element elementor-element-96ce29f\" data-id=\"96ce29f\" data-element_type=\"column\" data-e-type=\"column\">\n\t\t\t<div class=\"elementor-widget-wrap elementor-element-populated\">\n\t\t\t\t\t\t<div class=\"elementor-element elementor-element-506239d cochin-paragrafo elementor-widget elementor-widget-text-editor\" data-id=\"506239d\" data-element_type=\"widget\" data-e-type=\"widget\" data-widget_type=\"text-editor.default\">\n\t\t\t\t<div class=\"elementor-widget-container\">\n\t\t\t\t\t\t\t\t\t<p>Un\u2019idea di maison de parfums sospesa nel tempo, che frequenta le stanze dei classici e insieme suggerisce avanguardia, che mette la natura al di sopra di tutto e che offre la partecipazione a un discorso pi\u00f9 ampio, dove i valori della fondatrice e le nostre memorie collettive si incarnano nella creazione delle essenze.<\/p><p>Un\u2019idea di arte olfattiva che sia a disposizione di tutti, che possa essere compresa e fruita collettivamente, che concorra alla creazione di un immaginario\/reale migliore e in sintonia con l\u2019umano e il naturale.<\/p><p>Un\u2019idea di contemporaneit\u00e0 dove si evolva insieme in armonia superando una volta per tutte le incrostazioni della Storia.<\/p>\t\t\t\t\t\t\t\t<\/div>\n\t\t\t\t<\/div>\n\t\t\t\t\t<\/div>\n\t\t<\/div>\n\t\t\t\t\t<\/div>\n\t\t<\/section>\n\t\t\t\t\t<\/div>\n\t\t<\/div>\n\t\t\t\t<div class=\"elementor-column elementor-col-50 elementor-top-column elementor-element elementor-element-8ec2bd9\" data-id=\"8ec2bd9\" data-element_type=\"column\" data-e-type=\"column\">\n\t\t\t<div class=\"elementor-widget-wrap elementor-element-populated\">\n\t\t\t\t\t\t<div class=\"elementor-element elementor-element-9565ba5 img-100 elementor-widget elementor-widget-image\" data-id=\"9565ba5\" data-element_type=\"widget\" data-e-type=\"widget\" data-widget_type=\"image.default\">\n\t\t\t\t<div class=\"elementor-widget-container\">\n\t\t\t\t\t\t\t\t\t\t\t\t\t\t\t<img fetchpriority=\"high\" decoding=\"async\" width=\"1200\" height=\"1200\" src=\"https:\/\/www.mariacandidagentile.com\/wp-content\/uploads\/2021\/09\/7_CF045694.jpg\" class=\"attachment-full size-full wp-image-1035\" alt=\"\" srcset=\"https:\/\/www.mariacandidagentile.com\/wp-content\/uploads\/2021\/09\/7_CF045694.jpg 1200w, https:\/\/www.mariacandidagentile.com\/wp-content\/uploads\/2021\/09\/7_CF045694-400x400.jpg 400w, https:\/\/www.mariacandidagentile.com\/wp-content\/uploads\/2021\/09\/7_CF045694-100x100.jpg 100w, https:\/\/www.mariacandidagentile.com\/wp-content\/uploads\/2021\/09\/7_CF045694-800x800.jpg 800w, https:\/\/www.mariacandidagentile.com\/wp-content\/uploads\/2021\/09\/7_CF045694-64x64.jpg 64w, https:\/\/www.mariacandidagentile.com\/wp-content\/uploads\/2021\/09\/7_CF045694-300x300.jpg 300w, https:\/\/www.mariacandidagentile.com\/wp-content\/uploads\/2021\/09\/7_CF045694-1024x1024.jpg 1024w, https:\/\/www.mariacandidagentile.com\/wp-content\/uploads\/2021\/09\/7_CF045694-150x150.jpg 150w, https:\/\/www.mariacandidagentile.com\/wp-content\/uploads\/2021\/09\/7_CF045694-768x768.jpg 768w, https:\/\/www.mariacandidagentile.com\/wp-content\/uploads\/2021\/09\/7_CF045694-500x500.jpg 500w, https:\/\/www.mariacandidagentile.com\/wp-content\/uploads\/2021\/09\/7_CF045694-1000x1000.jpg 1000w, https:\/\/www.mariacandidagentile.com\/wp-content\/uploads\/2021\/09\/7_CF045694-360x360.jpg 360w\" sizes=\"(max-width: 1200px) 100vw, 1200px\" \/>\t\t\t\t\t\t\t\t\t\t\t\t\t\t\t<\/div>\n\t\t\t\t<\/div>\n\t\t\t\t\t<\/div>\n\t\t<\/div>\n\t\t\t\t\t<\/div>\n\t\t<\/section>\n\t\t\t\t<section class=\"elementor-section elementor-top-section elementor-element elementor-element-38b42fa elementor-section-full_width father-container-frangrances-children elementor-section-height-default elementor-section-height-default\" data-id=\"38b42fa\" data-element_type=\"section\" data-e-type=\"section\">\n\t\t\t\t\t\t<div class=\"elementor-container elementor-column-gap-default\">\n\t\t\t\t\t<div class=\"elementor-column elementor-col-50 elementor-top-column elementor-element elementor-element-870d405\" data-id=\"870d405\" data-element_type=\"column\" data-e-type=\"column\">\n\t\t\t<div class=\"elementor-widget-wrap elementor-element-populated\">\n\t\t\t\t\t\t<div class=\"elementor-element elementor-element-408a44f img-100 elementor-widget elementor-widget-image\" data-id=\"408a44f\" data-element_type=\"widget\" data-e-type=\"widget\" data-widget_type=\"image.default\">\n\t\t\t\t<div class=\"elementor-widget-container\">\n\t\t\t\t\t\t\t\t\t\t\t\t\t\t\t<img decoding=\"async\" width=\"1200\" height=\"1200\" src=\"https:\/\/www.mariacandidagentile.com\/wp-content\/uploads\/2021\/09\/8Big.jpg\" class=\"attachment-full size-full wp-image-1039\" alt=\"\" srcset=\"https:\/\/www.mariacandidagentile.com\/wp-content\/uploads\/2021\/09\/8Big.jpg 1200w, https:\/\/www.mariacandidagentile.com\/wp-content\/uploads\/2021\/09\/8Big-400x400.jpg 400w, https:\/\/www.mariacandidagentile.com\/wp-content\/uploads\/2021\/09\/8Big-100x100.jpg 100w, https:\/\/www.mariacandidagentile.com\/wp-content\/uploads\/2021\/09\/8Big-800x800.jpg 800w, https:\/\/www.mariacandidagentile.com\/wp-content\/uploads\/2021\/09\/8Big-64x64.jpg 64w, https:\/\/www.mariacandidagentile.com\/wp-content\/uploads\/2021\/09\/8Big-300x300.jpg 300w, https:\/\/www.mariacandidagentile.com\/wp-content\/uploads\/2021\/09\/8Big-1024x1024.jpg 1024w, https:\/\/www.mariacandidagentile.com\/wp-content\/uploads\/2021\/09\/8Big-150x150.jpg 150w, https:\/\/www.mariacandidagentile.com\/wp-content\/uploads\/2021\/09\/8Big-768x768.jpg 768w, https:\/\/www.mariacandidagentile.com\/wp-content\/uploads\/2021\/09\/8Big-500x500.jpg 500w, https:\/\/www.mariacandidagentile.com\/wp-content\/uploads\/2021\/09\/8Big-1000x1000.jpg 1000w, https:\/\/www.mariacandidagentile.com\/wp-content\/uploads\/2021\/09\/8Big-360x360.jpg 360w\" sizes=\"(max-width: 1200px) 100vw, 1200px\" \/>\t\t\t\t\t\t\t\t\t\t\t\t\t\t\t<\/div>\n\t\t\t\t<\/div>\n\t\t\t\t\t<\/div>\n\t\t<\/div>\n\t\t\t\t<div class=\"elementor-column elementor-col-50 elementor-top-column elementor-element elementor-element-31f1362\" data-id=\"31f1362\" data-element_type=\"column\" data-e-type=\"column\">\n\t\t\t<div class=\"elementor-widget-wrap elementor-element-populated\">\n\t\t\t\t\t\t<section class=\"elementor-section elementor-inner-section elementor-element elementor-element-85c2529 container-frangrances-children elementor-section-boxed elementor-section-height-default elementor-section-height-default\" data-id=\"85c2529\" data-element_type=\"section\" data-e-type=\"section\">\n\t\t\t\t\t\t<div class=\"elementor-container elementor-column-gap-default\">\n\t\t\t\t\t<div class=\"elementor-column elementor-col-50 elementor-inner-column elementor-element elementor-element-627bf65\" data-id=\"627bf65\" data-element_type=\"column\" data-e-type=\"column\">\n\t\t\t<div class=\"elementor-widget-wrap elementor-element-populated\">\n\t\t\t\t\t\t<div class=\"elementor-element elementor-element-6729ace title-oswald-home elementor-widget elementor-widget-heading\" data-id=\"6729ace\" data-element_type=\"widget\" data-e-type=\"widget\" data-widget_type=\"heading.default\">\n\t\t\t\t<div class=\"elementor-widget-container\">\n\t\t\t\t\t<h2 class=\"elementor-heading-title elementor-size-default\">Il profumo anti-commerciale<\/h2>\t\t\t\t<\/div>\n\t\t\t\t<\/div>\n\t\t\t\t<div class=\"elementor-element elementor-element-ada2f60 txt-cochin-home elementor-widget elementor-widget-text-editor\" data-id=\"ada2f60\" data-element_type=\"widget\" data-e-type=\"widget\" data-widget_type=\"text-editor.default\">\n\t\t\t\t<div class=\"elementor-widget-container\">\n\t\t\t\t\t\t\t\t\t<p>un atto di purificazione, estremamente intimo e fondamentale<\/p>\t\t\t\t\t\t\t\t<\/div>\n\t\t\t\t<\/div>\n\t\t\t\t\t<\/div>\n\t\t<\/div>\n\t\t\t\t<div class=\"elementor-column elementor-col-50 elementor-inner-column elementor-element elementor-element-ba5d176\" data-id=\"ba5d176\" data-element_type=\"column\" data-e-type=\"column\">\n\t\t\t<div class=\"elementor-widget-wrap elementor-element-populated\">\n\t\t\t\t\t\t<div class=\"elementor-element elementor-element-0bb2dc5 cochin-paragrafo elementor-widget elementor-widget-text-editor\" data-id=\"0bb2dc5\" data-element_type=\"widget\" data-e-type=\"widget\" data-widget_type=\"text-editor.default\">\n\t\t\t\t<div class=\"elementor-widget-container\">\n\t\t\t\t\t\t\t\t\t<p>Nella visione della maison Maria Candida Gentile, realizzare una essenza, un profumo, un sapone o una linea beauty non \u00e8 un fatto meramente speculativo: indossare una Eau de Parfum o trattare la propria pelle con una crema o un sapone \u00e8 per chi ne fa uso prima di tutto un atto di purificazione, estremamente intimo e fondamentale per il benessere personale.<\/p><p>Il processo creativo e produttivo di ogni referenza della Collezione \u00e8 compiuto nel rigoroso rispetto dei fondamenti dell&#8217;arte profumiera, devoto alla espressione compiuta degli attivi naturali che dialogano col nostro corpo e il nostro spirito.<\/p><p>Chi ama la maison Maria Candida Gentile apprezza la purezza delle composizioni e dell&#8217;intenzione della creatrice, va oltre i manierismi e le convenzioni delle mode del momento, sa che ogni creazione \u00e8 sviluppata con attenzione maniacale per la genuinit\u00e0 degli ingredienti e con integrit\u00e0 spirituale.<\/p>\t\t\t\t\t\t\t\t<\/div>\n\t\t\t\t<\/div>\n\t\t\t\t\t<\/div>\n\t\t<\/div>\n\t\t\t\t\t<\/div>\n\t\t<\/section>\n\t\t\t\t\t<\/div>\n\t\t<\/div>\n\t\t\t\t\t<\/div>\n\t\t<\/section>\n\t\t\t\t<\/div>\n\t\t","protected":false},"excerpt":{"rendered":"<p>La visione arte olfattiva che sia a disposizione di tutti, che possa essere compresa e fruita collettivamente\u00a0 Un\u2019idea di maison de parfums sospesa nel tempo, che frequenta le stanze dei classici e insieme suggerisce avanguardia, che mette la natura al di sopra di tutto e che offre la partecipazione a un discorso pi\u00f9 ampio, dove [&hellip;]<\/p>\n","protected":false},"author":1,"featured_media":0,"parent":2877,"menu_order":0,"comment_status":"closed","ping_status":"closed","template":"elementor-page-builder.php","meta":{"_acf_changed":false,"footnotes":""},"class_list":["post-1073","page","type-page","status-publish","hentry"],"acf":[],"yoast_head":"<!-- This site is optimized with the Yoast SEO plugin v27.3 - https:\/\/yoast.com\/product\/yoast-seo-wordpress\/ -->\n<title>La visione - Maria Candida Gentile<\/title>\n<meta name=\"robots\" content=\"index, follow, max-snippet:-1, max-image-preview:large, max-video-preview:-1\" \/>\n<link rel=\"canonical\" href=\"https:\/\/www.mariacandidagentile.com\/it\/ritratto\/la-visione\/\" \/>\n<meta property=\"og:locale\" content=\"it_IT\" \/>\n<meta property=\"og:type\" content=\"article\" \/>\n<meta property=\"og:title\" content=\"La visione - Maria Candida Gentile\" \/>\n<meta property=\"og:description\" content=\"La visione arte olfattiva che sia a disposizione di tutti, che possa essere compresa e fruita collettivamente\u00a0 Un\u2019idea di maison de parfums sospesa nel tempo, che frequenta le stanze dei classici e insieme suggerisce avanguardia, che mette la natura al di sopra di tutto e che offre la partecipazione a un discorso pi\u00f9 ampio, dove [&hellip;]\" \/>\n<meta property=\"og:url\" content=\"https:\/\/www.mariacandidagentile.com\/it\/ritratto\/la-visione\/\" \/>\n<meta property=\"og:site_name\" content=\"Maria Candida Gentile\" \/>\n<meta property=\"article:publisher\" content=\"https:\/\/www.facebook.com\/MariaCandidaGentile\/\" \/>\n<meta property=\"article:modified_time\" content=\"2025-11-03T09:01:08+00:00\" \/>\n<meta property=\"og:image\" content=\"https:\/\/www.mariacandidagentile.com\/wp-content\/uploads\/2021\/09\/7_CF045694.jpg\" \/>\n\t<meta property=\"og:image:width\" content=\"1200\" \/>\n\t<meta property=\"og:image:height\" content=\"1200\" \/>\n\t<meta property=\"og:image:type\" content=\"image\/jpeg\" \/>\n<meta name=\"twitter:card\" content=\"summary_large_image\" \/>\n<meta name=\"twitter:label1\" content=\"Tempo di lettura stimato\" \/>\n\t<meta name=\"twitter:data1\" content=\"2 minuti\" \/>\n<script type=\"application\/ld+json\" class=\"yoast-schema-graph\">{\"@context\":\"https:\\\/\\\/schema.org\",\"@graph\":[{\"@type\":\"WebPage\",\"@id\":\"https:\\\/\\\/www.mariacandidagentile.com\\\/it\\\/ritratto\\\/la-visione\\\/\",\"url\":\"https:\\\/\\\/www.mariacandidagentile.com\\\/it\\\/ritratto\\\/la-visione\\\/\",\"name\":\"La visione - Maria Candida Gentile\",\"isPartOf\":{\"@id\":\"https:\\\/\\\/www.mariacandidagentile.com\\\/it\\\/#website\"},\"primaryImageOfPage\":{\"@id\":\"https:\\\/\\\/www.mariacandidagentile.com\\\/it\\\/ritratto\\\/la-visione\\\/#primaryimage\"},\"image\":{\"@id\":\"https:\\\/\\\/www.mariacandidagentile.com\\\/it\\\/ritratto\\\/la-visione\\\/#primaryimage\"},\"thumbnailUrl\":\"https:\\\/\\\/www.mariacandidagentile.com\\\/wp-content\\\/uploads\\\/2021\\\/09\\\/7_CF045694.jpg\",\"datePublished\":\"2021-09-06T14:20:27+00:00\",\"dateModified\":\"2025-11-03T09:01:08+00:00\",\"breadcrumb\":{\"@id\":\"https:\\\/\\\/www.mariacandidagentile.com\\\/it\\\/ritratto\\\/la-visione\\\/#breadcrumb\"},\"inLanguage\":\"it-IT\",\"potentialAction\":[{\"@type\":\"ReadAction\",\"target\":[\"https:\\\/\\\/www.mariacandidagentile.com\\\/it\\\/ritratto\\\/la-visione\\\/\"]}]},{\"@type\":\"ImageObject\",\"inLanguage\":\"it-IT\",\"@id\":\"https:\\\/\\\/www.mariacandidagentile.com\\\/it\\\/ritratto\\\/la-visione\\\/#primaryimage\",\"url\":\"https:\\\/\\\/www.mariacandidagentile.com\\\/wp-content\\\/uploads\\\/2021\\\/09\\\/7_CF045694.jpg\",\"contentUrl\":\"https:\\\/\\\/www.mariacandidagentile.com\\\/wp-content\\\/uploads\\\/2021\\\/09\\\/7_CF045694.jpg\"},{\"@type\":\"BreadcrumbList\",\"@id\":\"https:\\\/\\\/www.mariacandidagentile.com\\\/it\\\/ritratto\\\/la-visione\\\/#breadcrumb\",\"itemListElement\":[{\"@type\":\"ListItem\",\"position\":1,\"name\":\"Home\",\"item\":\"https:\\\/\\\/www.mariacandidagentile.com\\\/it\\\/\"},{\"@type\":\"ListItem\",\"position\":2,\"name\":\"Ritratto\",\"item\":\"https:\\\/\\\/www.mariacandidagentile.com\\\/it\\\/ritratto\\\/\"},{\"@type\":\"ListItem\",\"position\":3,\"name\":\"La visione\"}]},{\"@type\":\"WebSite\",\"@id\":\"https:\\\/\\\/www.mariacandidagentile.com\\\/it\\\/#website\",\"url\":\"https:\\\/\\\/www.mariacandidagentile.com\\\/it\\\/\",\"name\":\"Maria Candida Gentile\",\"description\":\"\",\"publisher\":{\"@id\":\"https:\\\/\\\/www.mariacandidagentile.com\\\/it\\\/#organization\"},\"potentialAction\":[{\"@type\":\"SearchAction\",\"target\":{\"@type\":\"EntryPoint\",\"urlTemplate\":\"https:\\\/\\\/www.mariacandidagentile.com\\\/it\\\/?s={search_term_string}\"},\"query-input\":{\"@type\":\"PropertyValueSpecification\",\"valueRequired\":true,\"valueName\":\"search_term_string\"}}],\"inLanguage\":\"it-IT\"},{\"@type\":\"Organization\",\"@id\":\"https:\\\/\\\/www.mariacandidagentile.com\\\/it\\\/#organization\",\"name\":\"Maria Candida Gentile\",\"url\":\"https:\\\/\\\/www.mariacandidagentile.com\\\/it\\\/\",\"logo\":{\"@type\":\"ImageObject\",\"inLanguage\":\"it-IT\",\"@id\":\"https:\\\/\\\/www.mariacandidagentile.com\\\/it\\\/#\\\/schema\\\/logo\\\/image\\\/\",\"url\":\"https:\\\/\\\/www.mariacandidagentile.com\\\/wp-content\\\/uploads\\\/2021\\\/09\\\/logo-social.jpg\",\"contentUrl\":\"https:\\\/\\\/www.mariacandidagentile.com\\\/wp-content\\\/uploads\\\/2021\\\/09\\\/logo-social.jpg\",\"width\":1200,\"height\":628,\"caption\":\"Maria Candida Gentile\"},\"image\":{\"@id\":\"https:\\\/\\\/www.mariacandidagentile.com\\\/it\\\/#\\\/schema\\\/logo\\\/image\\\/\"},\"sameAs\":[\"https:\\\/\\\/www.facebook.com\\\/MariaCandidaGentile\\\/\",\"https:\\\/\\\/www.instagram.com\\\/mariacandidagentile\\\/\"]}]}<\/script>\n<!-- \/ Yoast SEO plugin. -->","yoast_head_json":{"title":"La visione - Maria Candida Gentile","robots":{"index":"index","follow":"follow","max-snippet":"max-snippet:-1","max-image-preview":"max-image-preview:large","max-video-preview":"max-video-preview:-1"},"canonical":"https:\/\/www.mariacandidagentile.com\/it\/ritratto\/la-visione\/","og_locale":"it_IT","og_type":"article","og_title":"La visione - Maria Candida Gentile","og_description":"La visione arte olfattiva che sia a disposizione di tutti, che possa essere compresa e fruita collettivamente\u00a0 Un\u2019idea di maison de parfums sospesa nel tempo, che frequenta le stanze dei classici e insieme suggerisce avanguardia, che mette la natura al di sopra di tutto e che offre la partecipazione a un discorso pi\u00f9 ampio, dove [&hellip;]","og_url":"https:\/\/www.mariacandidagentile.com\/it\/ritratto\/la-visione\/","og_site_name":"Maria Candida Gentile","article_publisher":"https:\/\/www.facebook.com\/MariaCandidaGentile\/","article_modified_time":"2025-11-03T09:01:08+00:00","og_image":[{"width":1200,"height":1200,"url":"https:\/\/www.mariacandidagentile.com\/wp-content\/uploads\/2021\/09\/7_CF045694.jpg","type":"image\/jpeg"}],"twitter_card":"summary_large_image","twitter_misc":{"Tempo di lettura stimato":"2 minuti"},"schema":{"@context":"https:\/\/schema.org","@graph":[{"@type":"WebPage","@id":"https:\/\/www.mariacandidagentile.com\/it\/ritratto\/la-visione\/","url":"https:\/\/www.mariacandidagentile.com\/it\/ritratto\/la-visione\/","name":"La visione - Maria Candida Gentile","isPartOf":{"@id":"https:\/\/www.mariacandidagentile.com\/it\/#website"},"primaryImageOfPage":{"@id":"https:\/\/www.mariacandidagentile.com\/it\/ritratto\/la-visione\/#primaryimage"},"image":{"@id":"https:\/\/www.mariacandidagentile.com\/it\/ritratto\/la-visione\/#primaryimage"},"thumbnailUrl":"https:\/\/www.mariacandidagentile.com\/wp-content\/uploads\/2021\/09\/7_CF045694.jpg","datePublished":"2021-09-06T14:20:27+00:00","dateModified":"2025-11-03T09:01:08+00:00","breadcrumb":{"@id":"https:\/\/www.mariacandidagentile.com\/it\/ritratto\/la-visione\/#breadcrumb"},"inLanguage":"it-IT","potentialAction":[{"@type":"ReadAction","target":["https:\/\/www.mariacandidagentile.com\/it\/ritratto\/la-visione\/"]}]},{"@type":"ImageObject","inLanguage":"it-IT","@id":"https:\/\/www.mariacandidagentile.com\/it\/ritratto\/la-visione\/#primaryimage","url":"https:\/\/www.mariacandidagentile.com\/wp-content\/uploads\/2021\/09\/7_CF045694.jpg","contentUrl":"https:\/\/www.mariacandidagentile.com\/wp-content\/uploads\/2021\/09\/7_CF045694.jpg"},{"@type":"BreadcrumbList","@id":"https:\/\/www.mariacandidagentile.com\/it\/ritratto\/la-visione\/#breadcrumb","itemListElement":[{"@type":"ListItem","position":1,"name":"Home","item":"https:\/\/www.mariacandidagentile.com\/it\/"},{"@type":"ListItem","position":2,"name":"Ritratto","item":"https:\/\/www.mariacandidagentile.com\/it\/ritratto\/"},{"@type":"ListItem","position":3,"name":"La visione"}]},{"@type":"WebSite","@id":"https:\/\/www.mariacandidagentile.com\/it\/#website","url":"https:\/\/www.mariacandidagentile.com\/it\/","name":"Maria Candida Gentile","description":"","publisher":{"@id":"https:\/\/www.mariacandidagentile.com\/it\/#organization"},"potentialAction":[{"@type":"SearchAction","target":{"@type":"EntryPoint","urlTemplate":"https:\/\/www.mariacandidagentile.com\/it\/?s={search_term_string}"},"query-input":{"@type":"PropertyValueSpecification","valueRequired":true,"valueName":"search_term_string"}}],"inLanguage":"it-IT"},{"@type":"Organization","@id":"https:\/\/www.mariacandidagentile.com\/it\/#organization","name":"Maria Candida Gentile","url":"https:\/\/www.mariacandidagentile.com\/it\/","logo":{"@type":"ImageObject","inLanguage":"it-IT","@id":"https:\/\/www.mariacandidagentile.com\/it\/#\/schema\/logo\/image\/","url":"https:\/\/www.mariacandidagentile.com\/wp-content\/uploads\/2021\/09\/logo-social.jpg","contentUrl":"https:\/\/www.mariacandidagentile.com\/wp-content\/uploads\/2021\/09\/logo-social.jpg","width":1200,"height":628,"caption":"Maria Candida Gentile"},"image":{"@id":"https:\/\/www.mariacandidagentile.com\/it\/#\/schema\/logo\/image\/"},"sameAs":["https:\/\/www.facebook.com\/MariaCandidaGentile\/","https:\/\/www.instagram.com\/mariacandidagentile\/"]}]}},"_links":{"self":[{"href":"https:\/\/www.mariacandidagentile.com\/it\/wp-json\/wp\/v2\/pages\/1073","targetHints":{"allow":["GET"]}}],"collection":[{"href":"https:\/\/www.mariacandidagentile.com\/it\/wp-json\/wp\/v2\/pages"}],"about":[{"href":"https:\/\/www.mariacandidagentile.com\/it\/wp-json\/wp\/v2\/types\/page"}],"author":[{"embeddable":true,"href":"https:\/\/www.mariacandidagentile.com\/it\/wp-json\/wp\/v2\/users\/1"}],"replies":[{"embeddable":true,"href":"https:\/\/www.mariacandidagentile.com\/it\/wp-json\/wp\/v2\/comments?post=1073"}],"version-history":[{"count":39,"href":"https:\/\/www.mariacandidagentile.com\/it\/wp-json\/wp\/v2\/pages\/1073\/revisions"}],"predecessor-version":[{"id":34030,"href":"https:\/\/www.mariacandidagentile.com\/it\/wp-json\/wp\/v2\/pages\/1073\/revisions\/34030"}],"up":[{"embeddable":true,"href":"https:\/\/www.mariacandidagentile.com\/it\/wp-json\/wp\/v2\/pages\/2877"}],"wp:attachment":[{"href":"https:\/\/www.mariacandidagentile.com\/it\/wp-json\/wp\/v2\/media?parent=1073"}],"curies":[{"name":"wp","href":"https:\/\/api.w.org\/{rel}","templated":true}]}}