{"id":1199,"date":"2021-09-06T18:43:49","date_gmt":"2021-09-06T16:43:49","guid":{"rendered":"https:\/\/www.mariacandidagentile.com\/?page_id=1199"},"modified":"2025-11-03T10:03:35","modified_gmt":"2025-11-03T09:03:35","slug":"noblesse-rebelle","status":"publish","type":"page","link":"https:\/\/www.mariacandidagentile.com\/it\/ritratto\/noblesse-rebelle\/","title":{"rendered":"Noblesse rebelle"},"content":{"rendered":"\t\t<div data-elementor-type=\"wp-page\" data-elementor-id=\"1199\" class=\"elementor elementor-1199\" data-elementor-post-type=\"page\">\n\t\t\t\t\t\t<section class=\"elementor-section elementor-top-section elementor-element elementor-element-021c8bf elementor-section-full_width about-us-subsection father-container-frangrances-children elementor-reverse-mobile elementor-section-height-default elementor-section-height-default\" data-id=\"021c8bf\" data-element_type=\"section\" data-e-type=\"section\">\n\t\t\t\t\t\t<div class=\"elementor-container elementor-column-gap-default\">\n\t\t\t\t\t<div class=\"elementor-column elementor-col-50 elementor-top-column elementor-element elementor-element-0f29a76\" data-id=\"0f29a76\" data-element_type=\"column\" data-e-type=\"column\">\n\t\t\t<div class=\"elementor-widget-wrap elementor-element-populated\">\n\t\t\t\t\t\t<section class=\"elementor-section elementor-inner-section elementor-element elementor-element-0eb317c container-frangrances-children elementor-section-boxed elementor-section-height-default elementor-section-height-default\" data-id=\"0eb317c\" data-element_type=\"section\" data-e-type=\"section\">\n\t\t\t\t\t\t<div class=\"elementor-container elementor-column-gap-default\">\n\t\t\t\t\t<div class=\"elementor-column elementor-col-50 elementor-inner-column elementor-element elementor-element-c88fa3a\" data-id=\"c88fa3a\" data-element_type=\"column\" data-e-type=\"column\">\n\t\t\t<div class=\"elementor-widget-wrap elementor-element-populated\">\n\t\t\t\t\t\t<div class=\"elementor-element elementor-element-85d7a5b title-oswald-home elementor-widget elementor-widget-heading\" data-id=\"85d7a5b\" data-element_type=\"widget\" data-e-type=\"widget\" data-widget_type=\"heading.default\">\n\t\t\t\t<div class=\"elementor-widget-container\">\n\t\t\t\t\t<h2 class=\"elementor-heading-title elementor-size-default\">Noblesse rebelle<\/h2>\t\t\t\t<\/div>\n\t\t\t\t<\/div>\n\t\t\t\t<div class=\"elementor-element elementor-element-4881f7e txt-cochin-home elementor-widget elementor-widget-text-editor\" data-id=\"4881f7e\" data-element_type=\"widget\" data-e-type=\"widget\" data-widget_type=\"text-editor.default\">\n\t\t\t\t<div class=\"elementor-widget-container\">\n\t\t\t\t\t\t\t\t\t<p>rimanere fedeli a se stessi<\/p>\t\t\t\t\t\t\t\t<\/div>\n\t\t\t\t<\/div>\n\t\t\t\t\t<\/div>\n\t\t<\/div>\n\t\t\t\t<div class=\"elementor-column elementor-col-50 elementor-inner-column elementor-element elementor-element-96ce29f\" data-id=\"96ce29f\" data-element_type=\"column\" data-e-type=\"column\">\n\t\t\t<div class=\"elementor-widget-wrap elementor-element-populated\">\n\t\t\t\t\t\t<div class=\"elementor-element elementor-element-506239d cochin-paragrafo elementor-widget elementor-widget-text-editor\" data-id=\"506239d\" data-element_type=\"widget\" data-e-type=\"widget\" data-widget_type=\"text-editor.default\">\n\t\t\t\t<div class=\"elementor-widget-container\">\n\t\t\t\t\t\t\t\t\t<p>Necessariamente divergente e indifferente verso le mode, i manierismi e i compromessi, la noblesse rebelle di Maria Candida Gentile rappresenta il vero lusso, lontano dall\u2019ostentare: quello di rimanere fedeli a se stessi.<\/p><p>La pratica profumiera di Maria Candida Gentile incorpora il sapere e il savoir-faire della grande tradizione classica appresa a Grasse, rielaborandone i canoni e le regole. La pratica alchemica e la scuola steineriana sono ulteriori basi da cui parte per astrarre e comporre percorsi olfattivi inesplorati e innovativi.<\/p><p>La nobilt\u00e0, intesa come territorio di sapienza antica, diventa avanguardia nella creazione del profumo per come \u00e8 realizzato, esprimendosi con libert\u00e0 e visionariet\u00e0 nelle sue architetture olfattive, ribelli per definizione e lontane dalle convenzioni.<\/p>\t\t\t\t\t\t\t\t<\/div>\n\t\t\t\t<\/div>\n\t\t\t\t\t<\/div>\n\t\t<\/div>\n\t\t\t\t\t<\/div>\n\t\t<\/section>\n\t\t\t\t\t<\/div>\n\t\t<\/div>\n\t\t\t\t<div class=\"elementor-column elementor-col-50 elementor-top-column elementor-element elementor-element-8ec2bd9\" data-id=\"8ec2bd9\" data-element_type=\"column\" data-e-type=\"column\">\n\t\t\t<div class=\"elementor-widget-wrap elementor-element-populated\">\n\t\t\t\t\t\t<div class=\"elementor-element elementor-element-9565ba5 img-100 elementor-widget elementor-widget-image\" data-id=\"9565ba5\" data-element_type=\"widget\" data-e-type=\"widget\" data-widget_type=\"image.default\">\n\t\t\t\t<div class=\"elementor-widget-container\">\n\t\t\t\t\t\t\t\t\t\t\t\t\t\t\t<img fetchpriority=\"high\" decoding=\"async\" width=\"1200\" height=\"1200\" src=\"https:\/\/www.mariacandidagentile.com\/wp-content\/uploads\/2021\/09\/CF045800.jpg\" class=\"attachment-full size-full wp-image-1278\" alt=\"Maria Candida Gentile molecole naturali\" srcset=\"https:\/\/www.mariacandidagentile.com\/wp-content\/uploads\/2021\/09\/CF045800.jpg 1200w, https:\/\/www.mariacandidagentile.com\/wp-content\/uploads\/2021\/09\/CF045800-400x400.jpg 400w, https:\/\/www.mariacandidagentile.com\/wp-content\/uploads\/2021\/09\/CF045800-100x100.jpg 100w, https:\/\/www.mariacandidagentile.com\/wp-content\/uploads\/2021\/09\/CF045800-800x800.jpg 800w, https:\/\/www.mariacandidagentile.com\/wp-content\/uploads\/2021\/09\/CF045800-64x64.jpg 64w, https:\/\/www.mariacandidagentile.com\/wp-content\/uploads\/2021\/09\/CF045800-300x300.jpg 300w, https:\/\/www.mariacandidagentile.com\/wp-content\/uploads\/2021\/09\/CF045800-1024x1024.jpg 1024w, https:\/\/www.mariacandidagentile.com\/wp-content\/uploads\/2021\/09\/CF045800-150x150.jpg 150w, https:\/\/www.mariacandidagentile.com\/wp-content\/uploads\/2021\/09\/CF045800-768x768.jpg 768w, https:\/\/www.mariacandidagentile.com\/wp-content\/uploads\/2021\/09\/CF045800-500x500.jpg 500w, https:\/\/www.mariacandidagentile.com\/wp-content\/uploads\/2021\/09\/CF045800-1000x1000.jpg 1000w, https:\/\/www.mariacandidagentile.com\/wp-content\/uploads\/2021\/09\/CF045800-360x360.jpg 360w\" sizes=\"(max-width: 1200px) 100vw, 1200px\" \/>\t\t\t\t\t\t\t\t\t\t\t\t\t\t\t<\/div>\n\t\t\t\t<\/div>\n\t\t\t\t\t<\/div>\n\t\t<\/div>\n\t\t\t\t\t<\/div>\n\t\t<\/section>\n\t\t\t\t<section class=\"elementor-section elementor-top-section elementor-element elementor-element-38b42fa elementor-section-full_width about-us-subsection father-container-frangrances-children elementor-section-height-default elementor-section-height-default\" data-id=\"38b42fa\" data-element_type=\"section\" data-e-type=\"section\">\n\t\t\t\t\t\t<div class=\"elementor-container elementor-column-gap-default\">\n\t\t\t\t\t<div class=\"elementor-column elementor-col-50 elementor-top-column elementor-element elementor-element-870d405\" data-id=\"870d405\" data-element_type=\"column\" data-e-type=\"column\">\n\t\t\t<div class=\"elementor-widget-wrap elementor-element-populated\">\n\t\t\t\t\t\t<div class=\"elementor-element elementor-element-408a44f img-100 elementor-widget elementor-widget-image\" data-id=\"408a44f\" data-element_type=\"widget\" data-e-type=\"widget\" data-widget_type=\"image.default\">\n\t\t\t\t<div class=\"elementor-widget-container\">\n\t\t\t\t\t\t\t\t\t\t\t\t\t\t\t<img decoding=\"async\" width=\"1200\" height=\"1200\" src=\"https:\/\/www.mariacandidagentile.com\/wp-content\/uploads\/2021\/09\/alternativamente-min.jpg\" class=\"attachment-full size-full wp-image-2170\" alt=\"Maria Candida Gentile Ma\u00eetre parfumeur\" srcset=\"https:\/\/www.mariacandidagentile.com\/wp-content\/uploads\/2021\/09\/alternativamente-min.jpg 1200w, https:\/\/www.mariacandidagentile.com\/wp-content\/uploads\/2021\/09\/alternativamente-min-400x400.jpg 400w, https:\/\/www.mariacandidagentile.com\/wp-content\/uploads\/2021\/09\/alternativamente-min-100x100.jpg 100w, https:\/\/www.mariacandidagentile.com\/wp-content\/uploads\/2021\/09\/alternativamente-min-800x800.jpg 800w, https:\/\/www.mariacandidagentile.com\/wp-content\/uploads\/2021\/09\/alternativamente-min-64x64.jpg 64w, https:\/\/www.mariacandidagentile.com\/wp-content\/uploads\/2021\/09\/alternativamente-min-300x300.jpg 300w, https:\/\/www.mariacandidagentile.com\/wp-content\/uploads\/2021\/09\/alternativamente-min-1024x1024.jpg 1024w, https:\/\/www.mariacandidagentile.com\/wp-content\/uploads\/2021\/09\/alternativamente-min-150x150.jpg 150w, https:\/\/www.mariacandidagentile.com\/wp-content\/uploads\/2021\/09\/alternativamente-min-768x768.jpg 768w, https:\/\/www.mariacandidagentile.com\/wp-content\/uploads\/2021\/09\/alternativamente-min-500x500.jpg 500w, https:\/\/www.mariacandidagentile.com\/wp-content\/uploads\/2021\/09\/alternativamente-min-1000x1000.jpg 1000w, https:\/\/www.mariacandidagentile.com\/wp-content\/uploads\/2021\/09\/alternativamente-min-360x360.jpg 360w\" sizes=\"(max-width: 1200px) 100vw, 1200px\" \/>\t\t\t\t\t\t\t\t\t\t\t\t\t\t\t<\/div>\n\t\t\t\t<\/div>\n\t\t\t\t\t<\/div>\n\t\t<\/div>\n\t\t\t\t<div class=\"elementor-column elementor-col-50 elementor-top-column elementor-element elementor-element-31f1362\" data-id=\"31f1362\" data-element_type=\"column\" data-e-type=\"column\">\n\t\t\t<div class=\"elementor-widget-wrap elementor-element-populated\">\n\t\t\t\t\t\t<section class=\"elementor-section elementor-inner-section elementor-element elementor-element-85c2529 container-frangrances-children elementor-section-boxed elementor-section-height-default elementor-section-height-default\" data-id=\"85c2529\" data-element_type=\"section\" data-e-type=\"section\">\n\t\t\t\t\t\t<div class=\"elementor-container elementor-column-gap-default\">\n\t\t\t\t\t<div class=\"elementor-column elementor-col-50 elementor-inner-column elementor-element elementor-element-627bf65\" data-id=\"627bf65\" data-element_type=\"column\" data-e-type=\"column\">\n\t\t\t<div class=\"elementor-widget-wrap elementor-element-populated\">\n\t\t\t\t\t\t<div class=\"elementor-element elementor-element-6729ace title-oswald-home elementor-widget elementor-widget-heading\" data-id=\"6729ace\" data-element_type=\"widget\" data-e-type=\"widget\" data-widget_type=\"heading.default\">\n\t\t\t\t<div class=\"elementor-widget-container\">\n\t\t\t\t\t<h2 class=\"elementor-heading-title elementor-size-default\">Vivere alternativamente<\/h2>\t\t\t\t<\/div>\n\t\t\t\t<\/div>\n\t\t\t\t<div class=\"elementor-element elementor-element-ada2f60 txt-cochin-home elementor-widget elementor-widget-text-editor\" data-id=\"ada2f60\" data-element_type=\"widget\" data-e-type=\"widget\" data-widget_type=\"text-editor.default\">\n\t\t\t\t<div class=\"elementor-widget-container\">\n\t\t\t\t\t\t\t\t\t<p>ostile alla banalizzazione del raffinato<\/p>\t\t\t\t\t\t\t\t<\/div>\n\t\t\t\t<\/div>\n\t\t\t\t\t<\/div>\n\t\t<\/div>\n\t\t\t\t<div class=\"elementor-column elementor-col-50 elementor-inner-column elementor-element elementor-element-ba5d176\" data-id=\"ba5d176\" data-element_type=\"column\" data-e-type=\"column\">\n\t\t\t<div class=\"elementor-widget-wrap elementor-element-populated\">\n\t\t\t\t\t\t<div class=\"elementor-element elementor-element-0bb2dc5 cochin-paragrafo elementor-widget elementor-widget-text-editor\" data-id=\"0bb2dc5\" data-element_type=\"widget\" data-e-type=\"widget\" data-widget_type=\"text-editor.default\">\n\t\t\t\t<div class=\"elementor-widget-container\">\n\t\t\t\t\t\t\t\t\t<p>Piena espressione del miglior milieu dell\u2019eccellenza profumiera e ostinata continuatrice del filone alchemico e del rispetto totale del ritmo naturale, Maria Candida Gentile \u00e8 ostile alla mercificazione del profumo, all\u2019esagerazione, all\u2019aderenza a schemi obsoleti, alla banalizzazione del raffinato.<\/p><p>La creazione di un profumo \u00e8 sacralizzata nel modo in cui questa viene vissuta: Maria Candida abbraccia gli alberi millenari nella foresta del Lankaran, in Azerbaijan, dotati di poteri auto-curativi. Insegue e realizza l\u2019impercettibile concettuale di Marcel Duchamp, ricrea naturalmente l\u2019odore del cuoio e dell\u2019elefante.<\/p><p>Vive alternativamente, disegnando essenze.<\/p>\t\t\t\t\t\t\t\t<\/div>\n\t\t\t\t<\/div>\n\t\t\t\t\t<\/div>\n\t\t<\/div>\n\t\t\t\t\t<\/div>\n\t\t<\/section>\n\t\t\t\t\t<\/div>\n\t\t<\/div>\n\t\t\t\t\t<\/div>\n\t\t<\/section>\n\t\t\t\t<\/div>\n\t\t","protected":false},"excerpt":{"rendered":"<p>Noblesse rebelle rimanere fedeli a se stessi Necessariamente divergente e indifferente verso le mode, i manierismi e i compromessi, la noblesse rebelle di Maria Candida Gentile rappresenta il vero lusso, lontano dall\u2019ostentare: quello di rimanere fedeli a se stessi. La pratica profumiera di Maria Candida Gentile incorpora il sapere e il savoir-faire della grande tradizione [&hellip;]<\/p>\n","protected":false},"author":1,"featured_media":0,"parent":2877,"menu_order":0,"comment_status":"closed","ping_status":"closed","template":"elementor-page-builder.php","meta":{"_acf_changed":false,"footnotes":""},"class_list":["post-1199","page","type-page","status-publish","hentry"],"acf":[],"yoast_head":"<!-- This site is optimized with the Yoast SEO plugin v27.3 - https:\/\/yoast.com\/product\/yoast-seo-wordpress\/ -->\n<title>Noblesse rebelle - Maria Candida Gentile<\/title>\n<meta name=\"robots\" content=\"index, follow, max-snippet:-1, max-image-preview:large, max-video-preview:-1\" \/>\n<link rel=\"canonical\" href=\"https:\/\/www.mariacandidagentile.com\/it\/ritratto\/noblesse-rebelle\/\" \/>\n<meta property=\"og:locale\" content=\"it_IT\" \/>\n<meta property=\"og:type\" content=\"article\" \/>\n<meta property=\"og:title\" content=\"Noblesse rebelle - Maria Candida Gentile\" \/>\n<meta property=\"og:description\" content=\"Noblesse rebelle rimanere fedeli a se stessi Necessariamente divergente e indifferente verso le mode, i manierismi e i compromessi, la noblesse rebelle di Maria Candida Gentile rappresenta il vero lusso, lontano dall\u2019ostentare: quello di rimanere fedeli a se stessi. La pratica profumiera di Maria Candida Gentile incorpora il sapere e il savoir-faire della grande tradizione [&hellip;]\" \/>\n<meta property=\"og:url\" content=\"https:\/\/www.mariacandidagentile.com\/it\/ritratto\/noblesse-rebelle\/\" \/>\n<meta property=\"og:site_name\" content=\"Maria Candida Gentile\" \/>\n<meta property=\"article:publisher\" content=\"https:\/\/www.facebook.com\/MariaCandidaGentile\/\" \/>\n<meta property=\"article:modified_time\" content=\"2025-11-03T09:03:35+00:00\" \/>\n<meta property=\"og:image\" content=\"https:\/\/www.mariacandidagentile.com\/wp-content\/uploads\/2021\/09\/CF045800.jpg\" \/>\n\t<meta property=\"og:image:width\" content=\"1200\" \/>\n\t<meta property=\"og:image:height\" content=\"1200\" \/>\n\t<meta property=\"og:image:type\" content=\"image\/jpeg\" \/>\n<meta name=\"twitter:card\" content=\"summary_large_image\" \/>\n<meta name=\"twitter:label1\" content=\"Tempo di lettura stimato\" \/>\n\t<meta name=\"twitter:data1\" content=\"2 minuti\" \/>\n<script type=\"application\/ld+json\" class=\"yoast-schema-graph\">{\"@context\":\"https:\\\/\\\/schema.org\",\"@graph\":[{\"@type\":\"WebPage\",\"@id\":\"https:\\\/\\\/www.mariacandidagentile.com\\\/it\\\/ritratto\\\/noblesse-rebelle\\\/\",\"url\":\"https:\\\/\\\/www.mariacandidagentile.com\\\/it\\\/ritratto\\\/noblesse-rebelle\\\/\",\"name\":\"Noblesse rebelle - Maria Candida Gentile\",\"isPartOf\":{\"@id\":\"https:\\\/\\\/www.mariacandidagentile.com\\\/it\\\/#website\"},\"primaryImageOfPage\":{\"@id\":\"https:\\\/\\\/www.mariacandidagentile.com\\\/it\\\/ritratto\\\/noblesse-rebelle\\\/#primaryimage\"},\"image\":{\"@id\":\"https:\\\/\\\/www.mariacandidagentile.com\\\/it\\\/ritratto\\\/noblesse-rebelle\\\/#primaryimage\"},\"thumbnailUrl\":\"https:\\\/\\\/www.mariacandidagentile.com\\\/wp-content\\\/uploads\\\/2021\\\/09\\\/CF045800.jpg\",\"datePublished\":\"2021-09-06T16:43:49+00:00\",\"dateModified\":\"2025-11-03T09:03:35+00:00\",\"breadcrumb\":{\"@id\":\"https:\\\/\\\/www.mariacandidagentile.com\\\/it\\\/ritratto\\\/noblesse-rebelle\\\/#breadcrumb\"},\"inLanguage\":\"it-IT\",\"potentialAction\":[{\"@type\":\"ReadAction\",\"target\":[\"https:\\\/\\\/www.mariacandidagentile.com\\\/it\\\/ritratto\\\/noblesse-rebelle\\\/\"]}]},{\"@type\":\"ImageObject\",\"inLanguage\":\"it-IT\",\"@id\":\"https:\\\/\\\/www.mariacandidagentile.com\\\/it\\\/ritratto\\\/noblesse-rebelle\\\/#primaryimage\",\"url\":\"https:\\\/\\\/www.mariacandidagentile.com\\\/wp-content\\\/uploads\\\/2021\\\/09\\\/CF045800.jpg\",\"contentUrl\":\"https:\\\/\\\/www.mariacandidagentile.com\\\/wp-content\\\/uploads\\\/2021\\\/09\\\/CF045800.jpg\"},{\"@type\":\"BreadcrumbList\",\"@id\":\"https:\\\/\\\/www.mariacandidagentile.com\\\/it\\\/ritratto\\\/noblesse-rebelle\\\/#breadcrumb\",\"itemListElement\":[{\"@type\":\"ListItem\",\"position\":1,\"name\":\"Home\",\"item\":\"https:\\\/\\\/www.mariacandidagentile.com\\\/it\\\/\"},{\"@type\":\"ListItem\",\"position\":2,\"name\":\"Ritratto\",\"item\":\"https:\\\/\\\/www.mariacandidagentile.com\\\/it\\\/ritratto\\\/\"},{\"@type\":\"ListItem\",\"position\":3,\"name\":\"Noblesse rebelle\"}]},{\"@type\":\"WebSite\",\"@id\":\"https:\\\/\\\/www.mariacandidagentile.com\\\/it\\\/#website\",\"url\":\"https:\\\/\\\/www.mariacandidagentile.com\\\/it\\\/\",\"name\":\"Maria Candida Gentile\",\"description\":\"\",\"publisher\":{\"@id\":\"https:\\\/\\\/www.mariacandidagentile.com\\\/it\\\/#organization\"},\"potentialAction\":[{\"@type\":\"SearchAction\",\"target\":{\"@type\":\"EntryPoint\",\"urlTemplate\":\"https:\\\/\\\/www.mariacandidagentile.com\\\/it\\\/?s={search_term_string}\"},\"query-input\":{\"@type\":\"PropertyValueSpecification\",\"valueRequired\":true,\"valueName\":\"search_term_string\"}}],\"inLanguage\":\"it-IT\"},{\"@type\":\"Organization\",\"@id\":\"https:\\\/\\\/www.mariacandidagentile.com\\\/it\\\/#organization\",\"name\":\"Maria Candida Gentile\",\"url\":\"https:\\\/\\\/www.mariacandidagentile.com\\\/it\\\/\",\"logo\":{\"@type\":\"ImageObject\",\"inLanguage\":\"it-IT\",\"@id\":\"https:\\\/\\\/www.mariacandidagentile.com\\\/it\\\/#\\\/schema\\\/logo\\\/image\\\/\",\"url\":\"https:\\\/\\\/www.mariacandidagentile.com\\\/wp-content\\\/uploads\\\/2021\\\/09\\\/logo-social.jpg\",\"contentUrl\":\"https:\\\/\\\/www.mariacandidagentile.com\\\/wp-content\\\/uploads\\\/2021\\\/09\\\/logo-social.jpg\",\"width\":1200,\"height\":628,\"caption\":\"Maria Candida Gentile\"},\"image\":{\"@id\":\"https:\\\/\\\/www.mariacandidagentile.com\\\/it\\\/#\\\/schema\\\/logo\\\/image\\\/\"},\"sameAs\":[\"https:\\\/\\\/www.facebook.com\\\/MariaCandidaGentile\\\/\",\"https:\\\/\\\/www.instagram.com\\\/mariacandidagentile\\\/\"]}]}<\/script>\n<!-- \/ Yoast SEO plugin. -->","yoast_head_json":{"title":"Noblesse rebelle - Maria Candida Gentile","robots":{"index":"index","follow":"follow","max-snippet":"max-snippet:-1","max-image-preview":"max-image-preview:large","max-video-preview":"max-video-preview:-1"},"canonical":"https:\/\/www.mariacandidagentile.com\/it\/ritratto\/noblesse-rebelle\/","og_locale":"it_IT","og_type":"article","og_title":"Noblesse rebelle - Maria Candida Gentile","og_description":"Noblesse rebelle rimanere fedeli a se stessi Necessariamente divergente e indifferente verso le mode, i manierismi e i compromessi, la noblesse rebelle di Maria Candida Gentile rappresenta il vero lusso, lontano dall\u2019ostentare: quello di rimanere fedeli a se stessi. La pratica profumiera di Maria Candida Gentile incorpora il sapere e il savoir-faire della grande tradizione [&hellip;]","og_url":"https:\/\/www.mariacandidagentile.com\/it\/ritratto\/noblesse-rebelle\/","og_site_name":"Maria Candida Gentile","article_publisher":"https:\/\/www.facebook.com\/MariaCandidaGentile\/","article_modified_time":"2025-11-03T09:03:35+00:00","og_image":[{"width":1200,"height":1200,"url":"https:\/\/www.mariacandidagentile.com\/wp-content\/uploads\/2021\/09\/CF045800.jpg","type":"image\/jpeg"}],"twitter_card":"summary_large_image","twitter_misc":{"Tempo di lettura stimato":"2 minuti"},"schema":{"@context":"https:\/\/schema.org","@graph":[{"@type":"WebPage","@id":"https:\/\/www.mariacandidagentile.com\/it\/ritratto\/noblesse-rebelle\/","url":"https:\/\/www.mariacandidagentile.com\/it\/ritratto\/noblesse-rebelle\/","name":"Noblesse rebelle - Maria Candida Gentile","isPartOf":{"@id":"https:\/\/www.mariacandidagentile.com\/it\/#website"},"primaryImageOfPage":{"@id":"https:\/\/www.mariacandidagentile.com\/it\/ritratto\/noblesse-rebelle\/#primaryimage"},"image":{"@id":"https:\/\/www.mariacandidagentile.com\/it\/ritratto\/noblesse-rebelle\/#primaryimage"},"thumbnailUrl":"https:\/\/www.mariacandidagentile.com\/wp-content\/uploads\/2021\/09\/CF045800.jpg","datePublished":"2021-09-06T16:43:49+00:00","dateModified":"2025-11-03T09:03:35+00:00","breadcrumb":{"@id":"https:\/\/www.mariacandidagentile.com\/it\/ritratto\/noblesse-rebelle\/#breadcrumb"},"inLanguage":"it-IT","potentialAction":[{"@type":"ReadAction","target":["https:\/\/www.mariacandidagentile.com\/it\/ritratto\/noblesse-rebelle\/"]}]},{"@type":"ImageObject","inLanguage":"it-IT","@id":"https:\/\/www.mariacandidagentile.com\/it\/ritratto\/noblesse-rebelle\/#primaryimage","url":"https:\/\/www.mariacandidagentile.com\/wp-content\/uploads\/2021\/09\/CF045800.jpg","contentUrl":"https:\/\/www.mariacandidagentile.com\/wp-content\/uploads\/2021\/09\/CF045800.jpg"},{"@type":"BreadcrumbList","@id":"https:\/\/www.mariacandidagentile.com\/it\/ritratto\/noblesse-rebelle\/#breadcrumb","itemListElement":[{"@type":"ListItem","position":1,"name":"Home","item":"https:\/\/www.mariacandidagentile.com\/it\/"},{"@type":"ListItem","position":2,"name":"Ritratto","item":"https:\/\/www.mariacandidagentile.com\/it\/ritratto\/"},{"@type":"ListItem","position":3,"name":"Noblesse rebelle"}]},{"@type":"WebSite","@id":"https:\/\/www.mariacandidagentile.com\/it\/#website","url":"https:\/\/www.mariacandidagentile.com\/it\/","name":"Maria Candida Gentile","description":"","publisher":{"@id":"https:\/\/www.mariacandidagentile.com\/it\/#organization"},"potentialAction":[{"@type":"SearchAction","target":{"@type":"EntryPoint","urlTemplate":"https:\/\/www.mariacandidagentile.com\/it\/?s={search_term_string}"},"query-input":{"@type":"PropertyValueSpecification","valueRequired":true,"valueName":"search_term_string"}}],"inLanguage":"it-IT"},{"@type":"Organization","@id":"https:\/\/www.mariacandidagentile.com\/it\/#organization","name":"Maria Candida Gentile","url":"https:\/\/www.mariacandidagentile.com\/it\/","logo":{"@type":"ImageObject","inLanguage":"it-IT","@id":"https:\/\/www.mariacandidagentile.com\/it\/#\/schema\/logo\/image\/","url":"https:\/\/www.mariacandidagentile.com\/wp-content\/uploads\/2021\/09\/logo-social.jpg","contentUrl":"https:\/\/www.mariacandidagentile.com\/wp-content\/uploads\/2021\/09\/logo-social.jpg","width":1200,"height":628,"caption":"Maria Candida Gentile"},"image":{"@id":"https:\/\/www.mariacandidagentile.com\/it\/#\/schema\/logo\/image\/"},"sameAs":["https:\/\/www.facebook.com\/MariaCandidaGentile\/","https:\/\/www.instagram.com\/mariacandidagentile\/"]}]}},"_links":{"self":[{"href":"https:\/\/www.mariacandidagentile.com\/it\/wp-json\/wp\/v2\/pages\/1199","targetHints":{"allow":["GET"]}}],"collection":[{"href":"https:\/\/www.mariacandidagentile.com\/it\/wp-json\/wp\/v2\/pages"}],"about":[{"href":"https:\/\/www.mariacandidagentile.com\/it\/wp-json\/wp\/v2\/types\/page"}],"author":[{"embeddable":true,"href":"https:\/\/www.mariacandidagentile.com\/it\/wp-json\/wp\/v2\/users\/1"}],"replies":[{"embeddable":true,"href":"https:\/\/www.mariacandidagentile.com\/it\/wp-json\/wp\/v2\/comments?post=1199"}],"version-history":[{"count":104,"href":"https:\/\/www.mariacandidagentile.com\/it\/wp-json\/wp\/v2\/pages\/1199\/revisions"}],"predecessor-version":[{"id":34033,"href":"https:\/\/www.mariacandidagentile.com\/it\/wp-json\/wp\/v2\/pages\/1199\/revisions\/34033"}],"up":[{"embeddable":true,"href":"https:\/\/www.mariacandidagentile.com\/it\/wp-json\/wp\/v2\/pages\/2877"}],"wp:attachment":[{"href":"https:\/\/www.mariacandidagentile.com\/it\/wp-json\/wp\/v2\/media?parent=1199"}],"curies":[{"name":"wp","href":"https:\/\/api.w.org\/{rel}","templated":true}]}}