{"id":36395,"date":"2026-02-26T15:58:37","date_gmt":"2026-02-26T14:58:37","guid":{"rendered":"https:\/\/www.mariacandidagentile.com\/?page_id=36395"},"modified":"2026-04-14T13:53:07","modified_gmt":"2026-04-14T11:53:07","slug":"candidatura-laboratorio-privato","status":"publish","type":"page","link":"https:\/\/www.mariacandidagentile.com\/it\/candidatura-laboratorio-privato\/","title":{"rendered":"Candidatura Laboratorio Privato"},"content":{"rendered":"\t\t<div data-elementor-type=\"wp-page\" data-elementor-id=\"36395\" class=\"elementor elementor-36395\" data-elementor-post-type=\"page\">\n\t\t\t\t\t\t<section class=\"elementor-section elementor-top-section elementor-element elementor-element-2215eb1 elementor-section-boxed elementor-section-height-default elementor-section-height-default\" data-id=\"2215eb1\" data-element_type=\"section\" data-e-type=\"section\" data-settings=\"{&quot;background_background&quot;:&quot;classic&quot;}\">\n\t\t\t\t\t\t<div class=\"elementor-container elementor-column-gap-default\">\n\t\t\t\t\t<div class=\"elementor-column elementor-col-100 elementor-top-column elementor-element elementor-element-7226863\" data-id=\"7226863\" data-element_type=\"column\" data-e-type=\"column\">\n\t\t\t<div class=\"elementor-widget-wrap elementor-element-populated\">\n\t\t\t\t\t\t<div class=\"elementor-element elementor-element-0660596 elementor-widget elementor-widget-heading\" data-id=\"0660596\" data-element_type=\"widget\" data-e-type=\"widget\" data-widget_type=\"heading.default\">\n\t\t\t\t<div class=\"elementor-widget-container\">\n\t\t\t\t\t<h1 class=\"elementor-heading-title elementor-size-default\">FORM CANDIDATURA<BR>LABORATORIO PRIVATO<\/h1>\t\t\t\t<\/div>\n\t\t\t\t<\/div>\n\t\t\t\t<div class=\"elementor-element elementor-element-15b58df cochin-paragrafo elementor-widget elementor-widget-text-editor\" data-id=\"15b58df\" data-element_type=\"widget\" data-e-type=\"widget\" data-widget_type=\"text-editor.default\">\n\t\t\t\t<div class=\"elementor-widget-container\">\n\t\t\t\t\t\t\t\t\t<p><span data-contrast=\"auto\">La candidatura richiede pochi minuti ed \u00e8 pensata per comprendere il tuo percorso e il tuo modo di lavorare con il profumo.<\/span><span data-ccp-props=\"{}\">\u00a0<\/span><\/p><p><span data-contrast=\"auto\">Ogni risposta viene letta personalmente.<\/span><span data-ccp-props=\"{}\">\u00a0<\/span><\/p><p><span data-ccp-props=\"{}\">\u00a0Il Laboratorio Privato non \u00e8 un corso introduttivo.<\/span><span data-ccp-props=\"{}\">\u00a0<\/span><\/p><p><span data-contrast=\"auto\">Le candidature vengono valutate anche in base all\u2019esperienza gi\u00e0 maturata nel lavoro con le materie prime,<br \/><strong>e verranno chiuse il 20 Aprile.<\/strong><\/span><\/p><p>Successivamente verranno comunicate le selezioni.<\/p>\t\t\t\t\t\t\t\t<\/div>\n\t\t\t\t<\/div>\n\t\t\t\t\t<\/div>\n\t\t<\/div>\n\t\t\t\t\t<\/div>\n\t\t<\/section>\n\t\t\t\t<section class=\"elementor-section elementor-top-section elementor-element elementor-element-246c5c7 elementor-section-boxed elementor-section-height-default elementor-section-height-default\" data-id=\"246c5c7\" data-element_type=\"section\" data-e-type=\"section\">\n\t\t\t\t\t\t<div class=\"elementor-container elementor-column-gap-default\">\n\t\t\t\t\t<div class=\"elementor-column elementor-col-100 elementor-top-column elementor-element elementor-element-b320ee5\" data-id=\"b320ee5\" data-element_type=\"column\" data-e-type=\"column\">\n\t\t\t<div class=\"elementor-widget-wrap elementor-element-populated\">\n\t\t\t\t\t\t<div class=\"elementor-element elementor-element-08b5912 elementor-widget elementor-widget-wpforms\" data-id=\"08b5912\" data-element_type=\"widget\" data-e-type=\"widget\" data-widget_type=\"wpforms.default\">\n\t\t\t\t<div class=\"elementor-widget-container\">\n\t\t\t\t\t<div class=\"wpforms-container wpforms-container-full wpforms-render-modern\" id=\"wpforms-36366\"><form id=\"wpforms-form-36366\" class=\"wpforms-validate wpforms-form wpforms-ajax-form\" data-formid=\"36366\" method=\"post\" enctype=\"multipart\/form-data\" action=\"\/it\/wp-json\/wp\/v2\/pages\/36395\" data-token=\"79d09d96bb4e8793c571c5f7e7007139\" data-token-time=\"1776482052\"><noscript class=\"wpforms-error-noscript\">Abilita JavaScript nel browser per completare questo modulo.<\/noscript><div id=\"wpforms-error-noscript\" style=\"display: none;\">Abilita JavaScript nel browser per completare questo modulo.<\/div><div class=\"wpforms-field-container\">\t\t<div id=\"wpforms-36366-field_3-container\"\n\t\t\tclass=\"wpforms-field wpforms-field-text\"\n\t\t\tdata-field-type=\"text\"\n\t\t\tdata-field-id=\"3\"\n\t\t\t>\n\t\t\t<label class=\"wpforms-field-label\" for=\"wpforms-36366-field_3\" >processo corsi questo<\/label>\n\t\t\t<input type=\"text\" id=\"wpforms-36366-field_3\" class=\"wpforms-field-medium\" name=\"wpforms[fields][3]\" >\n\t\t<\/div>\n\t\t<div id=\"wpforms-36366-field_1-container\" class=\"wpforms-field wpforms-field-name\" data-field-id=\"1\"><fieldset><legend class=\"wpforms-field-label\">Nome <span class=\"wpforms-required-label\" aria-hidden=\"true\">*<\/span><\/legend><div class=\"wpforms-field-row wpforms-field-medium\"><div class=\"wpforms-field-row-block wpforms-first wpforms-one-half\"><input type=\"text\" id=\"wpforms-36366-field_1\" class=\"wpforms-field-name-first wpforms-field-required\" name=\"wpforms[fields][1][first]\" aria-errormessage=\"wpforms-36366-field_1-error\" required><label for=\"wpforms-36366-field_1\" class=\"wpforms-field-sublabel after\">Nome<\/label><\/div><div class=\"wpforms-field-row-block wpforms-one-half\"><input type=\"text\" id=\"wpforms-36366-field_1-last\" class=\"wpforms-field-name-last wpforms-field-required\" name=\"wpforms[fields][1][last]\" aria-errormessage=\"wpforms-36366-field_1-last-error\" required><label for=\"wpforms-36366-field_1-last\" class=\"wpforms-field-sublabel after\">Cognome<\/label><\/div><\/div><\/fieldset><\/div><div id=\"wpforms-36366-field_2-container\" class=\"wpforms-field wpforms-field-email\" data-field-id=\"2\"><label class=\"wpforms-field-label\" for=\"wpforms-36366-field_2\">Email <span class=\"wpforms-required-label\" aria-hidden=\"true\">*<\/span><\/label><input type=\"email\" id=\"wpforms-36366-field_2\" class=\"wpforms-field-medium wpforms-field-required\" name=\"wpforms[fields][2]\" spellcheck=\"false\" aria-errormessage=\"wpforms-36366-field_2-error\" required><\/div><div id=\"wpforms-36366-field_18-container\" class=\"wpforms-field wpforms-field-text\" data-field-id=\"18\"><label class=\"wpforms-field-label\" for=\"wpforms-36366-field_18\">Indirizzo <span class=\"wpforms-required-label\" aria-hidden=\"true\">*<\/span><\/label><input type=\"text\" id=\"wpforms-36366-field_18\" class=\"wpforms-field-large wpforms-field-required\" name=\"wpforms[fields][18]\" aria-errormessage=\"wpforms-36366-field_18-error\" required><\/div><div id=\"wpforms-36366-field_4-container\" class=\"wpforms-field wpforms-field-textarea\" data-field-id=\"4\"><label class=\"wpforms-field-label\" for=\"wpforms-36366-field_4\">Qual \u00e8 il tuo percorso nel mondo del profumo fino ad oggi? (Indica eventuali studi, corsi o esperienze pratiche)  <span class=\"wpforms-required-label\" aria-hidden=\"true\">*<\/span><\/label><textarea id=\"wpforms-36366-field_4\" class=\"wpforms-field-medium wpforms-field-required\" name=\"wpforms[fields][4]\" aria-errormessage=\"wpforms-36366-field_4-error\" required><\/textarea><\/div><div id=\"wpforms-36366-field_5-container\" class=\"wpforms-field wpforms-field-textarea\" data-field-id=\"5\"><label class=\"wpforms-field-label\" for=\"wpforms-36366-field_5\">Hai gi\u00e0 lavorato direttamente con materie prime o accordi? Se s\u00ec, racconta in che modo e con quale frequenza <span class=\"wpforms-required-label\" aria-hidden=\"true\">*<\/span><\/label><textarea id=\"wpforms-36366-field_5\" class=\"wpforms-field-medium wpforms-field-required\" name=\"wpforms[fields][5]\" aria-errormessage=\"wpforms-36366-field_5-error\" required><\/textarea><\/div><div id=\"wpforms-36366-field_6-container\" class=\"wpforms-field wpforms-field-textarea\" data-field-id=\"6\"><label class=\"wpforms-field-label\" for=\"wpforms-36366-field_6\">Qual \u00e8 il tuo approccio quando costruisci o osservi un accordo? (Cosa ascolti, da dove parti, cosa cerchi)  <span class=\"wpforms-required-label\" aria-hidden=\"true\">*<\/span><\/label><textarea id=\"wpforms-36366-field_6\" class=\"wpforms-field-medium wpforms-field-required\" name=\"wpforms[fields][6]\" aria-errormessage=\"wpforms-36366-field_6-error\" required><\/textarea><\/div><div id=\"wpforms-36366-field_7-container\" class=\"wpforms-field wpforms-field-textarea\" data-field-id=\"7\"><label class=\"wpforms-field-label\" for=\"wpforms-36366-field_7\">C\u2019\u00e8 una materia prima o una famiglia olfattiva con cui senti particolare affinit\u00e0?   Perch\u00e9?  <span class=\"wpforms-required-label\" aria-hidden=\"true\">*<\/span><\/label><textarea id=\"wpforms-36366-field_7\" class=\"wpforms-field-medium wpforms-field-required\" name=\"wpforms[fields][7]\" aria-errormessage=\"wpforms-36366-field_7-error\" required><\/textarea><\/div><div id=\"wpforms-36366-field_8-container\" class=\"wpforms-field wpforms-field-textarea\" data-field-id=\"8\"><label class=\"wpforms-field-label\" for=\"wpforms-36366-field_8\">Hai mai sviluppato una tua composizione o un tuo accordo?   Se s\u00ec, descrivi brevemente il processo <span class=\"wpforms-required-label\" aria-hidden=\"true\">*<\/span><\/label><textarea id=\"wpforms-36366-field_8\" class=\"wpforms-field-medium wpforms-field-required\" name=\"wpforms[fields][8]\" aria-errormessage=\"wpforms-36366-field_8-error\" required><\/textarea><\/div><div id=\"wpforms-36366-field_9-container\" class=\"wpforms-field wpforms-field-textarea\" data-field-id=\"9\"><label class=\"wpforms-field-label\" for=\"wpforms-36366-field_9\">Cosa cerchi in questo percorso che non hai trovato altrove? <span class=\"wpforms-required-label\" aria-hidden=\"true\">*<\/span><\/label><textarea id=\"wpforms-36366-field_9\" class=\"wpforms-field-medium wpforms-field-required\" name=\"wpforms[fields][9]\" aria-errormessage=\"wpforms-36366-field_9-error\" required><\/textarea><\/div><div id=\"wpforms-36366-field_10-container\" class=\"wpforms-field wpforms-field-textarea\" data-field-id=\"10\"><label class=\"wpforms-field-label\" for=\"wpforms-36366-field_10\">Il Laboratorio \u00e8 centrato sul processo pi\u00f9 che sul risultato. Cosa significa per te lavorare in questo modo?  <span class=\"wpforms-required-label\" aria-hidden=\"true\">*<\/span><\/label><textarea id=\"wpforms-36366-field_10\" class=\"wpforms-field-medium wpforms-field-required\" name=\"wpforms[fields][10]\" aria-errormessage=\"wpforms-36366-field_10-error\" required><\/textarea><\/div><div id=\"wpforms-36366-field_11-container\" class=\"wpforms-field wpforms-field-textarea\" data-field-id=\"11\"><label class=\"wpforms-field-label\" for=\"wpforms-36366-field_11\">Quanto tempo pensi di poter dedicare, in modo reale e continuativo, durante la sessione (circa un mese e mezzo)?  <span class=\"wpforms-required-label\" aria-hidden=\"true\">*<\/span><\/label><textarea id=\"wpforms-36366-field_11\" class=\"wpforms-field-medium wpforms-field-required\" name=\"wpforms[fields][11]\" aria-errormessage=\"wpforms-36366-field_11-error\" required><\/textarea><\/div><div id=\"wpforms-36366-field_16-container\" class=\"wpforms-field wpforms-field-textarea\" data-field-id=\"16\"><label class=\"wpforms-field-label\" for=\"wpforms-36366-field_16\">Descrivi un odore che ricordi con precisione e prova a raccontare come lo costruiresti in una composizione olfattiva. <span class=\"wpforms-required-label\" aria-hidden=\"true\">*<\/span><\/label><textarea id=\"wpforms-36366-field_16\" class=\"wpforms-field-medium wpforms-field-required\" name=\"wpforms[fields][16]\" aria-errormessage=\"wpforms-36366-field_16-error\" required><\/textarea><\/div><div id=\"wpforms-36366-field_14-container\" class=\"wpforms-field wpforms-field-select wpforms-field-select-style-classic\" data-field-id=\"14\"><label class=\"wpforms-field-label\" for=\"wpforms-36366-field_14\">In quale lingua preferisci seguire il percorso? <span class=\"wpforms-required-label\" aria-hidden=\"true\">*<\/span><\/label><select id=\"wpforms-36366-field_14\" class=\"wpforms-field-medium wpforms-field-required\" name=\"wpforms[fields][14]\" required=\"required\"><option value=\"\" class=\"placeholder\" disabled  selected='selected'>--- Seleziona una Scelta ---<\/option><option value=\"Italiano\"  class=\"choice-1 depth-1\"  >Italiano<\/option><option value=\"English\"  class=\"choice-2 depth-1\"  >English<\/option><\/select><\/div><div id=\"wpforms-36366-field_15-container\" class=\"wpforms-field wpforms-field-textarea\" data-field-id=\"15\"><label class=\"wpforms-field-label\" for=\"wpforms-36366-field_15\">C\u2019\u00e8 qualcosa che ritieni importante condividere prima dell\u2019incontro conoscitivo?<\/label><textarea id=\"wpforms-36366-field_15\" class=\"wpforms-field-medium\" name=\"wpforms[fields][15]\" aria-errormessage=\"wpforms-36366-field_15-error\" ><\/textarea><\/div><script>\n\t\t\t\t( function() {\n\t\t\t\t\tconst style = document.createElement( 'style' );\n\t\t\t\t\tstyle.appendChild( document.createTextNode( '#wpforms-36366-field_3-container { position: absolute !important; overflow: hidden !important; display: inline !important; height: 1px !important; width: 1px !important; z-index: -1000 !important; padding: 0 !important; } #wpforms-36366-field_3-container input { visibility: hidden; } #wpforms-conversational-form-page #wpforms-36366-field_3-container label { counter-increment: none; }' ) );\n\t\t\t\t\tdocument.head.appendChild( style );\n\t\t\t\t\tdocument.currentScript?.remove();\n\t\t\t\t} )();\n\t\t\t<\/script><\/div><!-- .wpforms-field-container --><div class=\"wpforms-submit-container\" ><input type=\"hidden\" name=\"wpforms[id]\" value=\"36366\"><input type=\"hidden\" name=\"page_title\" value=\"\"><input type=\"hidden\" name=\"page_url\" value=\"https:\/\/www.mariacandidagentile.com\/it\/wp-json\/wp\/v2\/pages\/36395\"><input type=\"hidden\" name=\"url_referer\" value=\"\"><button type=\"submit\" name=\"wpforms[submit]\" id=\"wpforms-submit-36366\" class=\"wpforms-submit\" data-alt-text=\"Invio in corso...\" data-submit-text=\"Invia\" aria-live=\"assertive\" value=\"wpforms-submit\">Invia<\/button><img decoding=\"async\" src=\"https:\/\/www.mariacandidagentile.com\/wp-content\/plugins\/wpforms-lite\/assets\/images\/submit-spin.svg\" class=\"wpforms-submit-spinner\" style=\"display: none;\" width=\"26\" height=\"26\" alt=\"Caricamento\"><\/div><\/form><\/div>  <!-- .wpforms-container -->\t\t\t\t<\/div>\n\t\t\t\t<\/div>\n\t\t\t\t\t<\/div>\n\t\t<\/div>\n\t\t\t\t\t<\/div>\n\t\t<\/section>\n\t\t\t\t<\/div>\n\t\t","protected":false},"excerpt":{"rendered":"<p>FORM CANDIDATURALABORATORIO PRIVATO La candidatura richiede pochi minuti ed \u00e8 pensata per comprendere il tuo percorso e il tuo modo di lavorare con il profumo.\u00a0 Ogni risposta viene letta personalmente.\u00a0 \u00a0Il Laboratorio Privato non \u00e8 un corso introduttivo.\u00a0 Le candidature vengono valutate anche in base all\u2019esperienza gi\u00e0 maturata nel lavoro con le materie prime,e verranno [&hellip;]<\/p>\n","protected":false},"author":3142,"featured_media":0,"parent":0,"menu_order":0,"comment_status":"closed","ping_status":"closed","template":"","meta":{"_acf_changed":false,"footnotes":""},"class_list":["post-36395","page","type-page","status-publish","hentry"],"acf":[],"yoast_head":"<!-- This site is optimized with the Yoast SEO plugin v27.3 - https:\/\/yoast.com\/product\/yoast-seo-wordpress\/ -->\n<title>Candidatura Laboratorio Privato - Maria Candida Gentile<\/title>\n<meta name=\"robots\" content=\"index, follow, max-snippet:-1, max-image-preview:large, max-video-preview:-1\" \/>\n<link rel=\"canonical\" href=\"https:\/\/www.mariacandidagentile.com\/it\/candidatura-laboratorio-privato\/\" \/>\n<meta property=\"og:locale\" content=\"it_IT\" \/>\n<meta property=\"og:type\" content=\"article\" \/>\n<meta property=\"og:title\" content=\"Candidatura Laboratorio Privato - Maria Candida Gentile\" \/>\n<meta property=\"og:description\" content=\"FORM CANDIDATURALABORATORIO PRIVATO La candidatura richiede pochi minuti ed \u00e8 pensata per comprendere il tuo percorso e il tuo modo di lavorare con il profumo.\u00a0 Ogni risposta viene letta personalmente.\u00a0 \u00a0Il Laboratorio Privato non \u00e8 un corso introduttivo.\u00a0 Le candidature vengono valutate anche in base all\u2019esperienza gi\u00e0 maturata nel lavoro con le materie prime,e verranno [&hellip;]\" \/>\n<meta property=\"og:url\" content=\"https:\/\/www.mariacandidagentile.com\/it\/candidatura-laboratorio-privato\/\" \/>\n<meta property=\"og:site_name\" content=\"Maria Candida Gentile\" \/>\n<meta property=\"article:publisher\" content=\"https:\/\/www.facebook.com\/MariaCandidaGentile\/\" \/>\n<meta property=\"article:modified_time\" content=\"2026-04-14T11:53:07+00:00\" \/>\n<meta property=\"og:image\" content=\"https:\/\/www.mariacandidagentile.com\/wp-content\/plugins\/wpforms-lite\/assets\/images\/submit-spin.svg\" \/>\n<meta name=\"twitter:card\" content=\"summary_large_image\" \/>\n<meta name=\"twitter:label1\" content=\"Tempo di lettura stimato\" \/>\n\t<meta name=\"twitter:data1\" content=\"2 minuti\" \/>\n<script type=\"application\/ld+json\" class=\"yoast-schema-graph\">{\"@context\":\"https:\\\/\\\/schema.org\",\"@graph\":[{\"@type\":\"WebPage\",\"@id\":\"https:\\\/\\\/www.mariacandidagentile.com\\\/it\\\/candidatura-laboratorio-privato\\\/\",\"url\":\"https:\\\/\\\/www.mariacandidagentile.com\\\/it\\\/candidatura-laboratorio-privato\\\/\",\"name\":\"Candidatura Laboratorio Privato - Maria Candida Gentile\",\"isPartOf\":{\"@id\":\"https:\\\/\\\/www.mariacandidagentile.com\\\/it\\\/#website\"},\"primaryImageOfPage\":{\"@id\":\"https:\\\/\\\/www.mariacandidagentile.com\\\/it\\\/candidatura-laboratorio-privato\\\/#primaryimage\"},\"image\":{\"@id\":\"https:\\\/\\\/www.mariacandidagentile.com\\\/it\\\/candidatura-laboratorio-privato\\\/#primaryimage\"},\"thumbnailUrl\":\"https:\\\/\\\/www.mariacandidagentile.com\\\/wp-content\\\/plugins\\\/wpforms-lite\\\/assets\\\/images\\\/submit-spin.svg\",\"datePublished\":\"2026-02-26T14:58:37+00:00\",\"dateModified\":\"2026-04-14T11:53:07+00:00\",\"breadcrumb\":{\"@id\":\"https:\\\/\\\/www.mariacandidagentile.com\\\/it\\\/candidatura-laboratorio-privato\\\/#breadcrumb\"},\"inLanguage\":\"it-IT\",\"potentialAction\":[{\"@type\":\"ReadAction\",\"target\":[\"https:\\\/\\\/www.mariacandidagentile.com\\\/it\\\/candidatura-laboratorio-privato\\\/\"]}]},{\"@type\":\"ImageObject\",\"inLanguage\":\"it-IT\",\"@id\":\"https:\\\/\\\/www.mariacandidagentile.com\\\/it\\\/candidatura-laboratorio-privato\\\/#primaryimage\",\"url\":\"https:\\\/\\\/www.mariacandidagentile.com\\\/wp-content\\\/plugins\\\/wpforms-lite\\\/assets\\\/images\\\/submit-spin.svg\",\"contentUrl\":\"https:\\\/\\\/www.mariacandidagentile.com\\\/wp-content\\\/plugins\\\/wpforms-lite\\\/assets\\\/images\\\/submit-spin.svg\"},{\"@type\":\"BreadcrumbList\",\"@id\":\"https:\\\/\\\/www.mariacandidagentile.com\\\/it\\\/candidatura-laboratorio-privato\\\/#breadcrumb\",\"itemListElement\":[{\"@type\":\"ListItem\",\"position\":1,\"name\":\"Home\",\"item\":\"https:\\\/\\\/www.mariacandidagentile.com\\\/it\\\/\"},{\"@type\":\"ListItem\",\"position\":2,\"name\":\"Candidatura Laboratorio Privato\"}]},{\"@type\":\"WebSite\",\"@id\":\"https:\\\/\\\/www.mariacandidagentile.com\\\/it\\\/#website\",\"url\":\"https:\\\/\\\/www.mariacandidagentile.com\\\/it\\\/\",\"name\":\"Maria Candida Gentile\",\"description\":\"\",\"publisher\":{\"@id\":\"https:\\\/\\\/www.mariacandidagentile.com\\\/it\\\/#organization\"},\"potentialAction\":[{\"@type\":\"SearchAction\",\"target\":{\"@type\":\"EntryPoint\",\"urlTemplate\":\"https:\\\/\\\/www.mariacandidagentile.com\\\/it\\\/?s={search_term_string}\"},\"query-input\":{\"@type\":\"PropertyValueSpecification\",\"valueRequired\":true,\"valueName\":\"search_term_string\"}}],\"inLanguage\":\"it-IT\"},{\"@type\":\"Organization\",\"@id\":\"https:\\\/\\\/www.mariacandidagentile.com\\\/it\\\/#organization\",\"name\":\"Maria Candida Gentile\",\"url\":\"https:\\\/\\\/www.mariacandidagentile.com\\\/it\\\/\",\"logo\":{\"@type\":\"ImageObject\",\"inLanguage\":\"it-IT\",\"@id\":\"https:\\\/\\\/www.mariacandidagentile.com\\\/it\\\/#\\\/schema\\\/logo\\\/image\\\/\",\"url\":\"https:\\\/\\\/www.mariacandidagentile.com\\\/wp-content\\\/uploads\\\/2021\\\/09\\\/logo-social.jpg\",\"contentUrl\":\"https:\\\/\\\/www.mariacandidagentile.com\\\/wp-content\\\/uploads\\\/2021\\\/09\\\/logo-social.jpg\",\"width\":1200,\"height\":628,\"caption\":\"Maria Candida Gentile\"},\"image\":{\"@id\":\"https:\\\/\\\/www.mariacandidagentile.com\\\/it\\\/#\\\/schema\\\/logo\\\/image\\\/\"},\"sameAs\":[\"https:\\\/\\\/www.facebook.com\\\/MariaCandidaGentile\\\/\",\"https:\\\/\\\/www.instagram.com\\\/mariacandidagentile\\\/\"]}]}<\/script>\n<!-- \/ Yoast SEO plugin. -->","yoast_head_json":{"title":"Candidatura Laboratorio Privato - Maria Candida Gentile","robots":{"index":"index","follow":"follow","max-snippet":"max-snippet:-1","max-image-preview":"max-image-preview:large","max-video-preview":"max-video-preview:-1"},"canonical":"https:\/\/www.mariacandidagentile.com\/it\/candidatura-laboratorio-privato\/","og_locale":"it_IT","og_type":"article","og_title":"Candidatura Laboratorio Privato - Maria Candida Gentile","og_description":"FORM CANDIDATURALABORATORIO PRIVATO La candidatura richiede pochi minuti ed \u00e8 pensata per comprendere il tuo percorso e il tuo modo di lavorare con il profumo.\u00a0 Ogni risposta viene letta personalmente.\u00a0 \u00a0Il Laboratorio Privato non \u00e8 un corso introduttivo.\u00a0 Le candidature vengono valutate anche in base all\u2019esperienza gi\u00e0 maturata nel lavoro con le materie prime,e verranno [&hellip;]","og_url":"https:\/\/www.mariacandidagentile.com\/it\/candidatura-laboratorio-privato\/","og_site_name":"Maria Candida Gentile","article_publisher":"https:\/\/www.facebook.com\/MariaCandidaGentile\/","article_modified_time":"2026-04-14T11:53:07+00:00","og_image":[{"url":"https:\/\/www.mariacandidagentile.com\/wp-content\/plugins\/wpforms-lite\/assets\/images\/submit-spin.svg","type":"","width":"","height":""}],"twitter_card":"summary_large_image","twitter_misc":{"Tempo di lettura stimato":"2 minuti"},"schema":{"@context":"https:\/\/schema.org","@graph":[{"@type":"WebPage","@id":"https:\/\/www.mariacandidagentile.com\/it\/candidatura-laboratorio-privato\/","url":"https:\/\/www.mariacandidagentile.com\/it\/candidatura-laboratorio-privato\/","name":"Candidatura Laboratorio Privato - Maria Candida Gentile","isPartOf":{"@id":"https:\/\/www.mariacandidagentile.com\/it\/#website"},"primaryImageOfPage":{"@id":"https:\/\/www.mariacandidagentile.com\/it\/candidatura-laboratorio-privato\/#primaryimage"},"image":{"@id":"https:\/\/www.mariacandidagentile.com\/it\/candidatura-laboratorio-privato\/#primaryimage"},"thumbnailUrl":"https:\/\/www.mariacandidagentile.com\/wp-content\/plugins\/wpforms-lite\/assets\/images\/submit-spin.svg","datePublished":"2026-02-26T14:58:37+00:00","dateModified":"2026-04-14T11:53:07+00:00","breadcrumb":{"@id":"https:\/\/www.mariacandidagentile.com\/it\/candidatura-laboratorio-privato\/#breadcrumb"},"inLanguage":"it-IT","potentialAction":[{"@type":"ReadAction","target":["https:\/\/www.mariacandidagentile.com\/it\/candidatura-laboratorio-privato\/"]}]},{"@type":"ImageObject","inLanguage":"it-IT","@id":"https:\/\/www.mariacandidagentile.com\/it\/candidatura-laboratorio-privato\/#primaryimage","url":"https:\/\/www.mariacandidagentile.com\/wp-content\/plugins\/wpforms-lite\/assets\/images\/submit-spin.svg","contentUrl":"https:\/\/www.mariacandidagentile.com\/wp-content\/plugins\/wpforms-lite\/assets\/images\/submit-spin.svg"},{"@type":"BreadcrumbList","@id":"https:\/\/www.mariacandidagentile.com\/it\/candidatura-laboratorio-privato\/#breadcrumb","itemListElement":[{"@type":"ListItem","position":1,"name":"Home","item":"https:\/\/www.mariacandidagentile.com\/it\/"},{"@type":"ListItem","position":2,"name":"Candidatura Laboratorio Privato"}]},{"@type":"WebSite","@id":"https:\/\/www.mariacandidagentile.com\/it\/#website","url":"https:\/\/www.mariacandidagentile.com\/it\/","name":"Maria Candida Gentile","description":"","publisher":{"@id":"https:\/\/www.mariacandidagentile.com\/it\/#organization"},"potentialAction":[{"@type":"SearchAction","target":{"@type":"EntryPoint","urlTemplate":"https:\/\/www.mariacandidagentile.com\/it\/?s={search_term_string}"},"query-input":{"@type":"PropertyValueSpecification","valueRequired":true,"valueName":"search_term_string"}}],"inLanguage":"it-IT"},{"@type":"Organization","@id":"https:\/\/www.mariacandidagentile.com\/it\/#organization","name":"Maria Candida Gentile","url":"https:\/\/www.mariacandidagentile.com\/it\/","logo":{"@type":"ImageObject","inLanguage":"it-IT","@id":"https:\/\/www.mariacandidagentile.com\/it\/#\/schema\/logo\/image\/","url":"https:\/\/www.mariacandidagentile.com\/wp-content\/uploads\/2021\/09\/logo-social.jpg","contentUrl":"https:\/\/www.mariacandidagentile.com\/wp-content\/uploads\/2021\/09\/logo-social.jpg","width":1200,"height":628,"caption":"Maria Candida Gentile"},"image":{"@id":"https:\/\/www.mariacandidagentile.com\/it\/#\/schema\/logo\/image\/"},"sameAs":["https:\/\/www.facebook.com\/MariaCandidaGentile\/","https:\/\/www.instagram.com\/mariacandidagentile\/"]}]}},"_links":{"self":[{"href":"https:\/\/www.mariacandidagentile.com\/it\/wp-json\/wp\/v2\/pages\/36395","targetHints":{"allow":["GET"]}}],"collection":[{"href":"https:\/\/www.mariacandidagentile.com\/it\/wp-json\/wp\/v2\/pages"}],"about":[{"href":"https:\/\/www.mariacandidagentile.com\/it\/wp-json\/wp\/v2\/types\/page"}],"author":[{"embeddable":true,"href":"https:\/\/www.mariacandidagentile.com\/it\/wp-json\/wp\/v2\/users\/3142"}],"replies":[{"embeddable":true,"href":"https:\/\/www.mariacandidagentile.com\/it\/wp-json\/wp\/v2\/comments?post=36395"}],"version-history":[{"count":24,"href":"https:\/\/www.mariacandidagentile.com\/it\/wp-json\/wp\/v2\/pages\/36395\/revisions"}],"predecessor-version":[{"id":37809,"href":"https:\/\/www.mariacandidagentile.com\/it\/wp-json\/wp\/v2\/pages\/36395\/revisions\/37809"}],"wp:attachment":[{"href":"https:\/\/www.mariacandidagentile.com\/it\/wp-json\/wp\/v2\/media?parent=36395"}],"curies":[{"name":"wp","href":"https:\/\/api.w.org\/{rel}","templated":true}]}}